{"id":108,"date":"2025-05-16T13:07:44","date_gmt":"2025-05-16T11:07:44","guid":{"rendered":"https:\/\/www.expertvaleurvenal.c-e-b-a-c.com\/?page_id=108"},"modified":"2025-05-16T16:50:13","modified_gmt":"2025-05-16T14:50:13","slug":"expertise-valeur-venale","status":"publish","type":"page","link":"https:\/\/www.expertvaleurvenal.c-e-b-a-c.com\/index.php\/expertise-valeur-venale\/","title":{"rendered":"Expertise Valeur Venal"},"content":{"rendered":"\n\n\n\n\n<div class=\"wp-block-group wow animate__animated animate__fadeInUp has-global-padding is-layout-constrained wp-block-group-is-layout-constrained\" style=\"margin-top:0;margin-bottom:0;padding-top:var(--wp--preset--spacing--50);padding-bottom:var(--wp--preset--spacing--50)\">\n<div class=\"wp-block-columns are-vertically-aligned-center is-layout-flex wp-container-core-columns-is-layout-7fc3d43a wp-block-columns-is-layout-flex\">\n<div class=\"wp-block-column is-vertically-aligned-center wow animate__animated animate__fadeInUp is-layout-flow wp-block-column-is-layout-flow\" style=\"flex-basis:45%\">\n<div class=\"wp-block-group has-global-padding is-layout-constrained wp-block-group-is-layout-constrained\" style=\"margin-top:0;margin-bottom:0;padding-top:0;padding-bottom:0\">\n<p class=\"has-text-align-left\" style=\"margin-top:0;margin-bottom:0\"><mark style=\"background-color:rgba(0, 0, 0, 0);color:#01a4ef\" class=\"has-inline-color\">Contact <\/mark><\/p>\n\n\n\n<h2 class=\"wp-block-heading has-text-align-left has-body-font-family\" style=\"margin-top:0;font-size:clamp(20px, 1.25rem + ((1vw - 3.2px) * 1.463), 32px);font-style:normal;font-weight:500;line-height:1.2\">CONTACTER NOUS<\/h2>\n\n\n\n<p>L\u2019\u00e9valuation r\u00e9alis\u00e9e sans ouverture de murs ni investigations destructives. C&rsquo;est pourquoi l\u2019expert  v\u00e9rifie alors la r\u00e9gularit\u00e9 administrative compl\u00e8te (urbanisme, servitudes, etc.), sauf demande expresse.<\/p>\n\n\n\n<p style=\"margin-top:10px;margin-bottom:0\">04.93.49.77.59<\/p>\n\n\n\n<p style=\"margin-top:10px;margin-bottom:0\">c.e.b.c.bernard@outlook.fr<\/p>\n\n\n\n<p style=\"margin-top:10px;margin-bottom:0\">70\/72 chemin de l&rsquo;olivet 06110 LE CANNET<\/p>\n\n\n\n<div class=\"wp-block-buttons is-content-justification-left is-layout-flex wp-container-core-buttons-is-layout-bdd95141 wp-block-buttons-is-layout-flex\" style=\"margin-top:var(--wp--preset--spacing--30)\"><\/div>\n<\/div>\n<\/div>\n\n\n\n<div class=\"wp-block-column is-vertically-aligned-center wow animate__animated animate__fadeInUp is-layout-flow wp-block-column-is-layout-flow\">\n<figure class=\"wp-block-image size-full has-custom-border\"><img loading=\"lazy\" decoding=\"async\" width=\"275\" height=\"183\" src=\"http:\/\/www.expertvaleurvenal.c-e-b-a-c.com\/wp-content\/uploads\/2025\/05\/images-2-1.jpg\" alt=\"\" class=\"wp-image-80\" style=\"border-radius:8px\"\/><\/figure>\n<\/div>\n<\/div>\n<\/div>\n\n\n\n<div class=\"wp-block-group wow animate__animated animate__fadeInUp has-global-padding is-layout-constrained wp-block-group-is-layout-constrained\" style=\"margin-top:0;margin-bottom:0;padding-top:var(--wp--preset--spacing--50);padding-bottom:var(--wp--preset--spacing--50)\">\n<div class=\"wp-block-columns are-vertically-aligned-center is-layout-flex wp-container-core-columns-is-layout-7fc3d43a wp-block-columns-is-layout-flex\">\n<div class=\"wp-block-column is-vertically-aligned-center wow animate__animated animate__fadeInUp is-layout-flow wp-block-column-is-layout-flow\">\n<figure class=\"wp-block-image size-large has-custom-border\"><img decoding=\"async\" src=\"https:\/\/www.expertvaleurvenal.c-e-b-a-c.com\/wp-content\/themes\/agencygrove\/assets\/images\/about.jpg\" alt=\"\" class=\"wp-image-82\" style=\"border-radius:8px\"\/><\/figure>\n<\/div>\n\n\n\n<div class=\"wp-block-column is-vertically-aligned-center wow animate__animated animate__fadeInUp is-layout-flow wp-block-column-is-layout-flow\" style=\"flex-basis:45%\">\n<div class=\"wp-block-group has-global-padding is-layout-constrained wp-block-group-is-layout-constrained\" style=\"margin-top:0;margin-bottom:0;padding-top:0;padding-bottom:0\">\n<p class=\"has-text-align-left\" style=\"margin-top:0;margin-bottom:0\"><mark style=\"background-color:rgba(0, 0, 0, 0);color:#01a4ef\" class=\"has-inline-color\">FAQ<\/mark><\/p>\n\n\n\n<h2 class=\"wp-block-heading has-text-align-left has-body-font-family\" style=\"margin-top:0;font-size:clamp(20px, 1.25rem + ((1vw - 3.2px) * 1.463), 32px);font-style:normal;font-weight:500;line-height:1.2\"><mark style=\"background-color:rgba(0, 0, 0, 0)\" class=\"has-inline-color has-primary-color\">Questions<\/mark><\/h2>\n\n\n\n<details class=\"wp-block-details has-border-color has-accent-5-border-color has-base-background-color has-background is-layout-flow wp-container-core-details-is-layout-0573dcd3 wp-block-details-is-layout-flow\" style=\"border-width:1px;margin-bottom:var(--wp--preset--spacing--10);padding-top:var(--wp--preset--spacing--10);padding-right:var(--wp--preset--spacing--20);padding-bottom:var(--wp--preset--spacing--10);padding-left:var(--wp--preset--spacing--20);font-size:clamp(14px, 0.875rem + ((1vw - 3.2px) * 0.488), 18px);font-style:normal;font-weight:600\"><summary>quel est notre alors notre mission?<\/summary>\n<p class=\"has-contrast-color has-text-color has-link-color wp-elements-b75dfb828856788022c4539fedd4cea9\" style=\"font-style:normal;font-weight:400\">C&rsquo;est pourquoi la pr\u00e9sente mission a pour objet donc de d\u00e9terminer la <strong>valeur v\u00e9nale<\/strong> du bien immobilier ainsi d\u00e9sign\u00e9 ci-apr\u00e8s. alors \u00e0 une date donn\u00e9e, comme en conformit\u00e9 avec les pratiques aussi reconnues en mati\u00e8re d&rsquo;expertise immobili\u00e8re.<\/p>\n\n\n\n<p class=\"has-contrast-color has-text-color has-link-color wp-elements-1ec2190f2594c5b08ab65acea5660d4b\" style=\"font-style:normal;font-weight:400\"><\/p>\n<\/details>\n<\/div>\n<\/div>\n<\/div>\n<\/div>\n","protected":false},"excerpt":{"rendered":"<p>Contact CONTACTER NOUS L\u2019\u00e9valuation r\u00e9alis\u00e9e sans ouverture de murs ni investigations destructives. C&rsquo;est pourquoi l\u2019expert v\u00e9rifie alors la r\u00e9gularit\u00e9 administrative compl\u00e8te (urbanisme, servitudes, etc.), sauf demande expresse. 04.93.49.77.59 c.e.b.c.bernard@outlook.fr 70\/72 chemin de l&rsquo;olivet 06110 LE CANNET FAQ Questions<\/p>\n","protected":false},"author":1,"featured_media":0,"parent":0,"menu_order":0,"comment_status":"closed","ping_status":"closed","template":"","meta":{"saved_in_kubio":true,"footnotes":""},"class_list":["post-108","page","type-page","status-publish","hentry"],"kubio_ai_page_context":{"short_desc":"","purpose":"general"},"yoast_head":"<!-- This site is optimized with the Yoast SEO plugin v25.1 - https:\/\/yoast.com\/wordpress\/plugins\/seo\/ -->\n<title>Expertise valeur v\u00e9nale<\/title>\n<meta name=\"description\" content=\"Expertise valeur v\u00e9nale d\u00e9pend de plusieurs crit\u00e8res comme : l\u2019am\u00e9nagement, l\u2019emplacement, la valeur du march\u00e9\u2026 estim\u00e9e par un expert.\" \/>\n<meta name=\"robots\" content=\"index, follow, max-snippet:-1, max-image-preview:large, max-video-preview:-1\" \/>\n<link rel=\"canonical\" href=\"https:\/\/www.expertvaleurvenal.c-e-b-a-c.com\/index.php\/expertise-valeur-venale\/\" \/>\n<meta property=\"og:locale\" content=\"fr_FR\" \/>\n<meta property=\"og:type\" content=\"article\" \/>\n<meta property=\"og:title\" content=\"Expertise valeur v\u00e9nale\" \/>\n<meta property=\"og:description\" content=\"Expertise valeur v\u00e9nale d\u00e9pend de plusieurs crit\u00e8res comme : l\u2019am\u00e9nagement, l\u2019emplacement, la valeur du march\u00e9\u2026 estim\u00e9e par un expert.\" \/>\n<meta property=\"og:url\" content=\"https:\/\/www.expertvaleurvenal.c-e-b-a-c.com\/index.php\/expertise-valeur-venale\/\" \/>\n<meta property=\"og:site_name\" content=\"Expert Immobilier et Valeur V\u00e9nale Alpes maritimes\" \/>\n<meta property=\"article:modified_time\" content=\"2025-05-16T14:50:13+00:00\" \/>\n<meta property=\"og:image\" content=\"http:\/\/www.expertvaleurvenal.c-e-b-a-c.com\/wp-content\/uploads\/2025\/05\/images-2-1.jpg\" \/>\n<meta name=\"twitter:card\" content=\"summary_large_image\" \/>\n<meta name=\"twitter:label1\" content=\"Dur\u00e9e de lecture estim\u00e9e\" \/>\n\t<meta name=\"twitter:data1\" content=\"2 minutes\" \/>\n<script type=\"application\/ld+json\" class=\"yoast-schema-graph\">{\"@context\":\"https:\/\/schema.org\",\"@graph\":[{\"@type\":\"WebPage\",\"@id\":\"https:\/\/www.expertvaleurvenal.c-e-b-a-c.com\/index.php\/expertise-valeur-venale\/\",\"url\":\"https:\/\/www.expertvaleurvenal.c-e-b-a-c.com\/index.php\/expertise-valeur-venale\/\",\"name\":\"Expertise valeur v\u00e9nale\",\"isPartOf\":{\"@id\":\"https:\/\/www.expertvaleurvenal.c-e-b-a-c.com\/#website\"},\"primaryImageOfPage\":{\"@id\":\"https:\/\/www.expertvaleurvenal.c-e-b-a-c.com\/index.php\/expertise-valeur-venale\/#primaryimage\"},\"image\":{\"@id\":\"https:\/\/www.expertvaleurvenal.c-e-b-a-c.com\/index.php\/expertise-valeur-venale\/#primaryimage\"},\"thumbnailUrl\":\"http:\/\/www.expertvaleurvenal.c-e-b-a-c.com\/wp-content\/uploads\/2025\/05\/images-2-1.jpg\",\"datePublished\":\"2025-05-16T11:07:44+00:00\",\"dateModified\":\"2025-05-16T14:50:13+00:00\",\"description\":\"Expertise valeur v\u00e9nale d\u00e9pend de plusieurs crit\u00e8res comme : l\u2019am\u00e9nagement, l\u2019emplacement, la valeur du march\u00e9\u2026 estim\u00e9e par un expert.\",\"breadcrumb\":{\"@id\":\"https:\/\/www.expertvaleurvenal.c-e-b-a-c.com\/index.php\/expertise-valeur-venale\/#breadcrumb\"},\"inLanguage\":\"fr-FR\",\"potentialAction\":[{\"@type\":\"ReadAction\",\"target\":[\"https:\/\/www.expertvaleurvenal.c-e-b-a-c.com\/index.php\/expertise-valeur-venale\/\"]}]},{\"@type\":\"ImageObject\",\"inLanguage\":\"fr-FR\",\"@id\":\"https:\/\/www.expertvaleurvenal.c-e-b-a-c.com\/index.php\/expertise-valeur-venale\/#primaryimage\",\"url\":\"https:\/\/www.expertvaleurvenal.c-e-b-a-c.com\/wp-content\/uploads\/2025\/05\/images-2-1.jpg\",\"contentUrl\":\"https:\/\/www.expertvaleurvenal.c-e-b-a-c.com\/wp-content\/uploads\/2025\/05\/images-2-1.jpg\",\"width\":275,\"height\":183},{\"@type\":\"BreadcrumbList\",\"@id\":\"https:\/\/www.expertvaleurvenal.c-e-b-a-c.com\/index.php\/expertise-valeur-venale\/#breadcrumb\",\"itemListElement\":[{\"@type\":\"ListItem\",\"position\":1,\"name\":\"Accueil\",\"item\":\"https:\/\/www.expertvaleurvenal.c-e-b-a-c.com\/\"},{\"@type\":\"ListItem\",\"position\":2,\"name\":\"Expertise Valeur Venal\"}]},{\"@type\":\"WebSite\",\"@id\":\"https:\/\/www.expertvaleurvenal.c-e-b-a-c.com\/#website\",\"url\":\"https:\/\/www.expertvaleurvenal.c-e-b-a-c.com\/\",\"name\":\"Expert Valeur V\u00e9nale\",\"description\":\"L\u2019expertise de confiance pour une valeur juste de vos biens.\",\"publisher\":{\"@id\":\"https:\/\/www.expertvaleurvenal.c-e-b-a-c.com\/#organization\"},\"potentialAction\":[{\"@type\":\"SearchAction\",\"target\":{\"@type\":\"EntryPoint\",\"urlTemplate\":\"https:\/\/www.expertvaleurvenal.c-e-b-a-c.com\/?s={search_term_string}\"},\"query-input\":{\"@type\":\"PropertyValueSpecification\",\"valueRequired\":true,\"valueName\":\"search_term_string\"}}],\"inLanguage\":\"fr-FR\"},{\"@type\":\"Organization\",\"@id\":\"https:\/\/www.expertvaleurvenal.c-e-b-a-c.com\/#organization\",\"name\":\"Expert Valeur V\u00e9nale\",\"url\":\"https:\/\/www.expertvaleurvenal.c-e-b-a-c.com\/\",\"logo\":{\"@type\":\"ImageObject\",\"inLanguage\":\"fr-FR\",\"@id\":\"https:\/\/www.expertvaleurvenal.c-e-b-a-c.com\/#\/schema\/logo\/image\/\",\"url\":\"https:\/\/www.expertvaleurvenal.c-e-b-a-c.com\/wp-content\/uploads\/2025\/05\/LOGO-transp.-CEBC.png\",\"contentUrl\":\"https:\/\/www.expertvaleurvenal.c-e-b-a-c.com\/wp-content\/uploads\/2025\/05\/LOGO-transp.-CEBC.png\",\"width\":500,\"height\":500,\"caption\":\"Expert Valeur V\u00e9nale\"},\"image\":{\"@id\":\"https:\/\/www.expertvaleurvenal.c-e-b-a-c.com\/#\/schema\/logo\/image\/\"}}]}<\/script>\n<!-- \/ Yoast SEO plugin. -->","yoast_head_json":{"title":"Expertise valeur v\u00e9nale","description":"Expertise valeur v\u00e9nale d\u00e9pend de plusieurs crit\u00e8res comme : l\u2019am\u00e9nagement, l\u2019emplacement, la valeur du march\u00e9\u2026 estim\u00e9e par un expert.","robots":{"index":"index","follow":"follow","max-snippet":"max-snippet:-1","max-image-preview":"max-image-preview:large","max-video-preview":"max-video-preview:-1"},"canonical":"https:\/\/www.expertvaleurvenal.c-e-b-a-c.com\/index.php\/expertise-valeur-venale\/","og_locale":"fr_FR","og_type":"article","og_title":"Expertise valeur v\u00e9nale","og_description":"Expertise valeur v\u00e9nale d\u00e9pend de plusieurs crit\u00e8res comme : l\u2019am\u00e9nagement, l\u2019emplacement, la valeur du march\u00e9\u2026 estim\u00e9e par un expert.","og_url":"https:\/\/www.expertvaleurvenal.c-e-b-a-c.com\/index.php\/expertise-valeur-venale\/","og_site_name":"Expert Immobilier et Valeur V\u00e9nale Alpes maritimes","article_modified_time":"2025-05-16T14:50:13+00:00","og_image":[{"url":"http:\/\/www.expertvaleurvenal.c-e-b-a-c.com\/wp-content\/uploads\/2025\/05\/images-2-1.jpg","type":"","width":"","height":""}],"twitter_card":"summary_large_image","twitter_misc":{"Dur\u00e9e de lecture estim\u00e9e":"2 minutes"},"schema":{"@context":"https:\/\/schema.org","@graph":[{"@type":"WebPage","@id":"https:\/\/www.expertvaleurvenal.c-e-b-a-c.com\/index.php\/expertise-valeur-venale\/","url":"https:\/\/www.expertvaleurvenal.c-e-b-a-c.com\/index.php\/expertise-valeur-venale\/","name":"Expertise valeur v\u00e9nale","isPartOf":{"@id":"https:\/\/www.expertvaleurvenal.c-e-b-a-c.com\/#website"},"primaryImageOfPage":{"@id":"https:\/\/www.expertvaleurvenal.c-e-b-a-c.com\/index.php\/expertise-valeur-venale\/#primaryimage"},"image":{"@id":"https:\/\/www.expertvaleurvenal.c-e-b-a-c.com\/index.php\/expertise-valeur-venale\/#primaryimage"},"thumbnailUrl":"http:\/\/www.expertvaleurvenal.c-e-b-a-c.com\/wp-content\/uploads\/2025\/05\/images-2-1.jpg","datePublished":"2025-05-16T11:07:44+00:00","dateModified":"2025-05-16T14:50:13+00:00","description":"Expertise valeur v\u00e9nale d\u00e9pend de plusieurs crit\u00e8res comme : l\u2019am\u00e9nagement, l\u2019emplacement, la valeur du march\u00e9\u2026 estim\u00e9e par un expert.","breadcrumb":{"@id":"https:\/\/www.expertvaleurvenal.c-e-b-a-c.com\/index.php\/expertise-valeur-venale\/#breadcrumb"},"inLanguage":"fr-FR","potentialAction":[{"@type":"ReadAction","target":["https:\/\/www.expertvaleurvenal.c-e-b-a-c.com\/index.php\/expertise-valeur-venale\/"]}]},{"@type":"ImageObject","inLanguage":"fr-FR","@id":"https:\/\/www.expertvaleurvenal.c-e-b-a-c.com\/index.php\/expertise-valeur-venale\/#primaryimage","url":"https:\/\/www.expertvaleurvenal.c-e-b-a-c.com\/wp-content\/uploads\/2025\/05\/images-2-1.jpg","contentUrl":"https:\/\/www.expertvaleurvenal.c-e-b-a-c.com\/wp-content\/uploads\/2025\/05\/images-2-1.jpg","width":275,"height":183},{"@type":"BreadcrumbList","@id":"https:\/\/www.expertvaleurvenal.c-e-b-a-c.com\/index.php\/expertise-valeur-venale\/#breadcrumb","itemListElement":[{"@type":"ListItem","position":1,"name":"Accueil","item":"https:\/\/www.expertvaleurvenal.c-e-b-a-c.com\/"},{"@type":"ListItem","position":2,"name":"Expertise Valeur Venal"}]},{"@type":"WebSite","@id":"https:\/\/www.expertvaleurvenal.c-e-b-a-c.com\/#website","url":"https:\/\/www.expertvaleurvenal.c-e-b-a-c.com\/","name":"Expert Valeur V\u00e9nale","description":"L\u2019expertise de confiance pour une valeur juste de vos biens.","publisher":{"@id":"https:\/\/www.expertvaleurvenal.c-e-b-a-c.com\/#organization"},"potentialAction":[{"@type":"SearchAction","target":{"@type":"EntryPoint","urlTemplate":"https:\/\/www.expertvaleurvenal.c-e-b-a-c.com\/?s={search_term_string}"},"query-input":{"@type":"PropertyValueSpecification","valueRequired":true,"valueName":"search_term_string"}}],"inLanguage":"fr-FR"},{"@type":"Organization","@id":"https:\/\/www.expertvaleurvenal.c-e-b-a-c.com\/#organization","name":"Expert Valeur V\u00e9nale","url":"https:\/\/www.expertvaleurvenal.c-e-b-a-c.com\/","logo":{"@type":"ImageObject","inLanguage":"fr-FR","@id":"https:\/\/www.expertvaleurvenal.c-e-b-a-c.com\/#\/schema\/logo\/image\/","url":"https:\/\/www.expertvaleurvenal.c-e-b-a-c.com\/wp-content\/uploads\/2025\/05\/LOGO-transp.-CEBC.png","contentUrl":"https:\/\/www.expertvaleurvenal.c-e-b-a-c.com\/wp-content\/uploads\/2025\/05\/LOGO-transp.-CEBC.png","width":500,"height":500,"caption":"Expert Valeur V\u00e9nale"},"image":{"@id":"https:\/\/www.expertvaleurvenal.c-e-b-a-c.com\/#\/schema\/logo\/image\/"}}]}},"_links":{"self":[{"href":"https:\/\/www.expertvaleurvenal.c-e-b-a-c.com\/index.php\/wp-json\/wp\/v2\/pages\/108","targetHints":{"allow":["GET"]}}],"collection":[{"href":"https:\/\/www.expertvaleurvenal.c-e-b-a-c.com\/index.php\/wp-json\/wp\/v2\/pages"}],"about":[{"href":"https:\/\/www.expertvaleurvenal.c-e-b-a-c.com\/index.php\/wp-json\/wp\/v2\/types\/page"}],"author":[{"embeddable":true,"href":"https:\/\/www.expertvaleurvenal.c-e-b-a-c.com\/index.php\/wp-json\/wp\/v2\/users\/1"}],"replies":[{"embeddable":true,"href":"https:\/\/www.expertvaleurvenal.c-e-b-a-c.com\/index.php\/wp-json\/wp\/v2\/comments?post=108"}],"version-history":[{"count":4,"href":"https:\/\/www.expertvaleurvenal.c-e-b-a-c.com\/index.php\/wp-json\/wp\/v2\/pages\/108\/revisions"}],"predecessor-version":[{"id":194,"href":"https:\/\/www.expertvaleurvenal.c-e-b-a-c.com\/index.php\/wp-json\/wp\/v2\/pages\/108\/revisions\/194"}],"wp:attachment":[{"href":"https:\/\/www.expertvaleurvenal.c-e-b-a-c.com\/index.php\/wp-json\/wp\/v2\/media?parent=108"}],"curies":[{"name":"wp","href":"https:\/\/api.w.org\/{rel}","templated":true}]}}